{"id":463,"date":"2020-08-11T10:34:41","date_gmt":"2020-08-11T09:34:41","guid":{"rendered":"http:\/\/thors.24sevenstore.no\/?page_id=463"},"modified":"2021-01-20T09:56:01","modified_gmt":"2021-01-20T08:56:01","slug":"oppskrifter","status":"publish","type":"page","link":"https:\/\/thors.24sevenstore.no\/?page_id=463","title":{"rendered":"Oppskrifter og tips"},"content":{"rendered":"\n<p>Her vil du finne tips p\u00e5 hva du kan lage med v\u00e5re produkter, laget av v\u00e5r ern\u00e6ringsfysiolog, Ine Therese, og masse informasjon om hvorfor gr\u00f8nnsaker er viktig \u00e5 spise. Om du savner tips p\u00e5 et produkt, send Ine en mail p\u00e5 ine@thors.no s\u00e5 skal hun sende deg noen middagstips!<\/p>\n\n\n\n<div class=\"wp-block-buttons aligncenter is-layout-flex wp-block-buttons-is-layout-flex\">\n<div class=\"wp-block-button\"><a class=\"wp-block-button__link has-text-color has-background\" href=\"https:\/\/thors.24sevenstore.no\/?p=518\" style=\"border-radius:50px;background:linear-gradient(42deg,rgb(135,9,53) 0%,rgb(179,22,22) 100%);color:#fffffa\">Hvorfor skal vi spise mer gr\u00f8nnsaker?<\/a><\/div>\n<\/div>\n\n\n\n<div class=\"wp-block-buttons is-layout-flex wp-block-buttons-is-layout-flex\">\n<div class=\"wp-block-button\"><a class=\"wp-block-button__link\" href=\"https:\/\/thors.24sevenstore.no\/?p=601\">Blomk\u00e5lssuppe<\/a><\/div>\n\n\n\n<div class=\"wp-block-button\"><a class=\"wp-block-button__link\" href=\"https:\/\/thors.24sevenstore.no\/?p=604\">Ratatouille<\/a><\/div>\n\n\n\n<div class=\"wp-block-button\"><a class=\"wp-block-button__link\" href=\"https:\/\/thors.24sevenstore.no\/?p=619\">Tomatsuppe<\/a><\/div>\n<\/div>\n\n\n\n<p><\/p>\n","protected":false},"excerpt":{"rendered":"<p>Her vil du finne tips p\u00e5 hva du kan lage med v\u00e5re produkter, laget av v\u00e5r ern\u00e6ringsfysiolog, Ine Therese, og masse informasjon om hvorfor gr\u00f8nnsaker er viktig \u00e5 spise. Om du savner tips p\u00e5 et produkt, send Ine en mail p\u00e5 ine@thors.no s\u00e5 skal hun sende deg noen middagstips!<\/p>\n","protected":false},"author":3,"featured_media":0,"parent":0,"menu_order":0,"comment_status":"closed","ping_status":"closed","template":"","meta":{"footnotes":""},"class_list":["post-463","page","type-page","status-publish","hentry"],"_links":{"self":[{"href":"https:\/\/thors.24sevenstore.no\/index.php?rest_route=\/wp\/v2\/pages\/463","targetHints":{"allow":["GET"]}}],"collection":[{"href":"https:\/\/thors.24sevenstore.no\/index.php?rest_route=\/wp\/v2\/pages"}],"about":[{"href":"https:\/\/thors.24sevenstore.no\/index.php?rest_route=\/wp\/v2\/types\/page"}],"author":[{"embeddable":true,"href":"https:\/\/thors.24sevenstore.no\/index.php?rest_route=\/wp\/v2\/users\/3"}],"replies":[{"embeddable":true,"href":"https:\/\/thors.24sevenstore.no\/index.php?rest_route=%2Fwp%2Fv2%2Fcomments&post=463"}],"version-history":[{"count":13,"href":"https:\/\/thors.24sevenstore.no\/index.php?rest_route=\/wp\/v2\/pages\/463\/revisions"}],"predecessor-version":[{"id":621,"href":"https:\/\/thors.24sevenstore.no\/index.php?rest_route=\/wp\/v2\/pages\/463\/revisions\/621"}],"wp:attachment":[{"href":"https:\/\/thors.24sevenstore.no\/index.php?rest_route=%2Fwp%2Fv2%2Fmedia&parent=463"}],"curies":[{"name":"wp","href":"https:\/\/api.w.org\/{rel}","templated":true}]}}