{"id":24,"date":"2017-09-14T22:10:19","date_gmt":"2017-09-14T21:10:19","guid":{"rendered":"http:\/\/wordpress-store-template.24sevenoffice.com\/?page_id=24"},"modified":"2020-10-16T10:33:52","modified_gmt":"2020-10-16T09:33:52","slug":"welcome","status":"publish","type":"page","link":"https:\/\/thors.24sevenstore.no\/","title":{"rendered":"Velkommen"},"content":{"rendered":"\n<h2 class=\"wp-block-heading\"><\/h2>\n\n\n<h4><span style=\"color: #000000;\">Hei,<\/span><\/h4>\n<h4><span style=\"color: #000000;\">Vi er et lite firma fra Toten som produserer gode supper, d<span style=\"caret-color: #000000;\">rekker<\/span>\u00a0og andre varer med r\u00e5varer rett fra bonden. Alle\u00a0v\u00e5re supper er gluten- og laktosefrie og helt uten tilsetningsstoffer.\u00a0<\/span><\/h4>\n<p>\u00a0<\/p>\n<h4><span style=\"color: #000000;\">Vi sender alle varer med posten. Alle varer kan du ogs\u00e5 hente i v\u00e5rt fabrikkutsalg hos oss i Kloppvegen 9. p\u00e5 Lena. Vi kan ordne hjemlevering til\u00a0<\/span><span style=\"color: #000000;\">kunder i \u00d8stre og Vestre Toten, samt Gj\u00f8vik.<\/span><\/h4>\n<h4><span style=\"color: #000000;\">V\u00e5rt fabrikkutsalg er \u00e5pent etter avtale. Ta kontakt p\u00e5 mail: thor@thors.no eller telefon 908 36 375<\/span><\/h4>\n<h4>\u00a0<\/h4>\n<p>\u00a0<\/p>\n\n\n<p><\/p>\n","protected":false},"excerpt":{"rendered":"<p>Hei, Vi er et lite firma fra Toten som produserer gode supper, drekker\u00a0og andre varer med r\u00e5varer rett fra bonden. Alle\u00a0v\u00e5re supper er gluten- og laktosefrie og helt uten tilsetningsstoffer.\u00a0 \u00a0 Vi sender alle varer med posten. Alle varer kan du ogs\u00e5 hente i v\u00e5rt fabrikkutsalg hos oss i Kloppvegen 9. p\u00e5 Lena. Vi kan [&hellip;]<\/p>\n","protected":false},"author":1,"featured_media":501,"parent":0,"menu_order":1,"comment_status":"closed","ping_status":"closed","template":"template-homepage.php","meta":{"footnotes":""},"class_list":["post-24","page","type-page","status-publish","has-post-thumbnail","hentry"],"_links":{"self":[{"href":"https:\/\/thors.24sevenstore.no\/index.php?rest_route=\/wp\/v2\/pages\/24","targetHints":{"allow":["GET"]}}],"collection":[{"href":"https:\/\/thors.24sevenstore.no\/index.php?rest_route=\/wp\/v2\/pages"}],"about":[{"href":"https:\/\/thors.24sevenstore.no\/index.php?rest_route=\/wp\/v2\/types\/page"}],"author":[{"embeddable":true,"href":"https:\/\/thors.24sevenstore.no\/index.php?rest_route=\/wp\/v2\/users\/1"}],"replies":[{"embeddable":true,"href":"https:\/\/thors.24sevenstore.no\/index.php?rest_route=%2Fwp%2Fv2%2Fcomments&post=24"}],"version-history":[{"count":22,"href":"https:\/\/thors.24sevenstore.no\/index.php?rest_route=\/wp\/v2\/pages\/24\/revisions"}],"predecessor-version":[{"id":507,"href":"https:\/\/thors.24sevenstore.no\/index.php?rest_route=\/wp\/v2\/pages\/24\/revisions\/507"}],"wp:featuredmedia":[{"embeddable":true,"href":"https:\/\/thors.24sevenstore.no\/index.php?rest_route=\/wp\/v2\/media\/501"}],"wp:attachment":[{"href":"https:\/\/thors.24sevenstore.no\/index.php?rest_route=%2Fwp%2Fv2%2Fmedia&parent=24"}],"curies":[{"name":"wp","href":"https:\/\/api.w.org\/{rel}","templated":true}]}}