{"id":2,"date":"2017-09-14T21:57:47","date_gmt":"2017-09-14T20:57:47","guid":{"rendered":"http:\/\/wordpress-store-template.24sevenoffice.com\/?page_id=2"},"modified":"2021-01-15T12:46:53","modified_gmt":"2021-01-15T11:46:53","slug":"sample-page","status":"publish","type":"page","link":"https:\/\/thors.24sevenstore.no\/?page_id=2","title":{"rendered":"Om oss"},"content":{"rendered":"\n<p>Thors er firmaet som eier Totensupper og Toten frukt- og b\u00e6rpresseri. Vi lager supper, gryter, drikker, p\u00e5legg og marinert l\u00f8k. V\u00e5re produkter er produsert p\u00e5 lokale r\u00e5varer hos oss p\u00e5 Lena, i Toten. Vi \u00f8nsker \u00e5 fremme lokale r\u00e5varer, og benytter oss ofte av lokale varer som blir produsert p\u00e5 begrenset opplag. Forel\u00f8pig er vi tilgjengelig p\u00e5 nettbutikk, og har nettopp startet salg av noen produkter p\u00e5 CC mat Gj\u00f8vik. <\/p>\n\n\n\n<p>Om Thor: <\/p>\n\n\n\n<p>Jeg heter Thor og har lang fartstid innen matvarebransjen. Jeg er f\u00f8dt og oppvokst i en landhandel p\u00e5 Toten. Startet som butikksjef i B\u00f8verbru Handel som 21-\u00e5ring og tok over butikken i 1977. I september 1982 startet jeg sammen med en annen Toten Kj\u00f8tt AS, og jobbet der frem til 2003. Deretter startet jeg Selmer Utvikling i 2005 og kj\u00f8pte opp Gr\u00f8ntkutteriet AS i 2011. Selmer Utvikling produserer for flere merkenavn i tillegg til sine egne merker Totensupper, Toten frukt- og b\u00e6rpresseri og THORS. Mail: thor@thors.no<\/p>\n\n\n\n<p>Om Ine Therese: <\/p>\n\n\n\n<p>Jeg heter Ine Therese og har master i klinisk ern\u00e6ring. Jeg jobber i Totensupper\/ Toten frukt- og b\u00e6rpresseri som konsulent. Jeg hjelper til med utarbeiding av produkter, samt med salg av varene mot butikker. Jeg spiser selv plantebasert, og \u00f8nsker \u00e5 fremme viktigheten av et h\u00f8yere inntak av frukt og gr\u00f8nt hos befolkningen. V\u00e5re produkter er alle plantebaserte, og fri for nesten alle allergener. Dette skal v\u00e6re mat som alle kan spise, og s\u00e5 kan man legge til hva man \u00f8nsker dersom man vil ha noe i tillegg. Jeg skal v\u00e6re en inspirasjon, hvor jeg legger ut oppskrifter og tips til hva produktene v\u00e5res kan brukes til. Om du har sp\u00f8rsm\u00e5l relatert til v\u00e5re produkter eller \u00f8nsker tips til et produkt, send meg gjerne en mail p\u00e5 ine@thors.no s\u00e5 svarer jeg s\u00e5 fort jeg kan.<\/p>\n\n\n\n<div class=\"wp-block-group\"><div class=\"wp-block-group__inner-container is-layout-flow wp-block-group-is-layout-flow\">\n<div class=\"wp-block-buttons is-layout-flex wp-block-buttons-is-layout-flex\">\n<div class=\"wp-block-button\"><a class=\"wp-block-button__link\" href=\"https:\/\/thors.24sevenstore.no\/?p=599\">Vil du selge produktene v\u00e5re? Klikk her<\/a><\/div>\n<\/div>\n<\/div><\/div>\n\n\n\n<p><a href=\"https:\/\/thors.24sevenstore.no\/?p=292\">Standard salgsbetingelser<\/a><\/p>\n","protected":false},"excerpt":{"rendered":"<p>Thors er firmaet som eier Totensupper og Toten frukt- og b\u00e6rpresseri. Vi lager supper, gryter, drikker, p\u00e5legg og marinert l\u00f8k. V\u00e5re produkter er produsert p\u00e5 lokale r\u00e5varer hos oss p\u00e5 Lena, i Toten. Vi \u00f8nsker \u00e5 fremme lokale r\u00e5varer, og benytter oss ofte av lokale varer som blir produsert p\u00e5 begrenset opplag. Forel\u00f8pig er vi [&hellip;]<\/p>\n","protected":false},"author":1,"featured_media":0,"parent":0,"menu_order":6,"comment_status":"closed","ping_status":"closed","template":"","meta":{"footnotes":""},"class_list":["post-2","page","type-page","status-publish","hentry"],"_links":{"self":[{"href":"https:\/\/thors.24sevenstore.no\/index.php?rest_route=\/wp\/v2\/pages\/2","targetHints":{"allow":["GET"]}}],"collection":[{"href":"https:\/\/thors.24sevenstore.no\/index.php?rest_route=\/wp\/v2\/pages"}],"about":[{"href":"https:\/\/thors.24sevenstore.no\/index.php?rest_route=\/wp\/v2\/types\/page"}],"author":[{"embeddable":true,"href":"https:\/\/thors.24sevenstore.no\/index.php?rest_route=\/wp\/v2\/users\/1"}],"replies":[{"embeddable":true,"href":"https:\/\/thors.24sevenstore.no\/index.php?rest_route=%2Fwp%2Fv2%2Fcomments&post=2"}],"version-history":[{"count":10,"href":"https:\/\/thors.24sevenstore.no\/index.php?rest_route=\/wp\/v2\/pages\/2\/revisions"}],"predecessor-version":[{"id":616,"href":"https:\/\/thors.24sevenstore.no\/index.php?rest_route=\/wp\/v2\/pages\/2\/revisions\/616"}],"wp:attachment":[{"href":"https:\/\/thors.24sevenstore.no\/index.php?rest_route=%2Fwp%2Fv2%2Fmedia&parent=2"}],"curies":[{"name":"wp","href":"https:\/\/api.w.org\/{rel}","templated":true}]}}